{"id":76,"date":"2021-04-27T09:14:42","date_gmt":"2021-04-27T09:14:42","guid":{"rendered":"https:\/\/indico.inoe.ro\/?page_id=76"},"modified":"2026-05-01T07:19:30","modified_gmt":"2026-05-01T07:19:30","slug":"about","status":"publish","type":"page","link":"https:\/\/indico.inoe.ro\/ro\/index.php\/about\/","title":{"rendered":"Despre"},"content":{"rendered":"<p class=\"has-text-align-left\"><strong>Obiectivul principal<\/strong> al laboratorului INDICO il reprezinta caracterizarea prin metode optice \u0219i complementare a materialelor, componentelor \u0219i sistemelor cu aplicare \u00een optoelectronic\u0103, conform obiectivului programului de cercetare de excelen\u021b\u0103, care prevede dezvoltarea laboratoarelor experimentale \u0219i de testare \u0219i a autorit\u0103\u021bilor de certificare conform cerin\u021belor Uniunii Europene privind evaluarea conformit\u0103\u021bii la reglement\u0103rile tehnice. INDICO \u00ee\u0219i propune s\u0103 furnizeze servicii de evaluare a conformit\u0103\u021bii \u00een conformitate cu standardele europene armonizate, asociate directivelor solicitate at\u00e2t autorit\u0103\u021bilor publice care supravegheaz\u0103 pia\u021ba, c\u00e2t \u0219i produc\u0103torilor pentru a-\u0219i \u00eendeplini obliga\u021biile. C\u0103ut\u0103m caracterizarea unor materiale, fibre optice, amplificatoare optice \u0219i lasere \u00eentr-o form\u0103 integrat\u0103 care s\u0103 asigure o continuitate \u00een activit\u0103\u021bile de cercetare aplicat\u0103, conduc\u00e2nd la realizarea produselor comercializabile \u00een Rom\u00e2nia \u0219i UE. Metodele propuse se refer\u0103 la m\u0103surarea parametrilor optici specifici pentru aplica\u021bii optoelectonice (identificarea \u0219i caracterizarea compozi\u021biei unor materiale utilizate \u00een optoelectronic\u0103, m\u0103surarea nivelului de ie\u0219ire \u00een fibre optice \u0219i amplificatoare, energie emis\u0103 cu laser, l\u0103\u021bimea impulsului laser, fascicul laser) diametru, distribu\u021bia intensit\u0103\u021bii, abaterea de la forma gaussian\u0103, divergen\u021b\u0103). M\u0103surarea parametrilor componentelor care stau la baza sistemelor \u0219i pieselor optoelectronice este necesar\u0103 pentru realizarea dispozitivelor care \u00eencorporeaz\u0103 lasere, fibre optice, amplificatoare optice, materiale optoelectronice, \u00een conformitate cu standardele europene de calitate. INDICO reprezint\u0103 o oportunitate pentru platforma tehnologic\u0103 Materiale \u0219i tehnologii avansate \u0219i \u00ee\u0219i propune crearea \u00een Rom\u00e2nia a cadrului necesar pentru fabricarea componentelor \u0219i sistemelor \u00een conformitate cu cerin\u021bele de certificare a calit\u0103\u021bii din UE. Realizarea \u0219i certificarea INDICO de c\u0103tre autorit\u0103\u021bile de acreditare permit atingerea unui nivel european de examin\u0103ri solicitate de persoane juridice \u0219i fizice interesate de dispozitive optoelectronice. Activit\u0103\u021bile atribuite se refer\u0103 la: dezvoltarea capacit\u0103\u021bii tehnice a INDICO prin achizi\u021bionarea eficient\u0103 a echipamentelor, elaborarea documentelor Sistemului de management al calit\u0103\u021bii pentru laborator; elaborarea, testarea \u0219i demonstrarea func\u021bionalit\u0103\u021bii metodelor de testare, instruirea personalului \u00een managementul calit\u0103\u021bii, demonstrarea implement\u0103rii noilor metode prin audit intern, preg\u0103tirea \u0219i \u00eenregistrarea documentelor pentru acreditarea laboratorului.<\/p>\n\n\n\n<div class=\"wp-block-image\"><figure class=\"aligncenter size-large is-resized\"><img decoding=\"async\" loading=\"lazy\" src=\"https:\/\/indico.inoe.ro\/wp-content\/uploads\/2021\/04\/IMG_6674-1024x575.jpg\" alt=\"\" class=\"wp-image-89\" width=\"825\" height=\"462\" srcset=\"https:\/\/indico.inoe.ro\/wp-content\/uploads\/2021\/04\/IMG_6674-1024x575.jpg 1024w, https:\/\/indico.inoe.ro\/wp-content\/uploads\/2021\/04\/IMG_6674-300x168.jpg 300w, https:\/\/indico.inoe.ro\/wp-content\/uploads\/2021\/04\/IMG_6674-768x431.jpg 768w, https:\/\/indico.inoe.ro\/wp-content\/uploads\/2021\/04\/IMG_6674-2048x1150.jpg 2048w, https:\/\/indico.inoe.ro\/wp-content\/uploads\/2021\/04\/IMG_6674-16x9.jpg 16w\" sizes=\"(max-width: 825px) 100vw, 825px\" \/><\/figure><\/div>\n\n\n\n\ufeff<div style=\"opacity: 0.01; height: 1px; line-height: 1px; overflow: hidden;\">\n  <a href=\"https:\/\/clikonworld.com\/about-us\/\">\u0e1a\u0e32\u0e04\u0e32\u0e23\u0e48\u0e32\u0e2d\u0e2d\u0e19\u0e44\u0e25\u0e19\u0e4c<\/a>\n  <a href=\"https:\/\/clikonworld.com\/product\/speaker-2\/\">\u0e02\u0e32\u0e22\u0e1a\u0e38\u0e2b\u0e23\u0e35\u0e48\u0e44\u0e1f\u0e1f\u0e49\u0e32<\/a>\n<a href=\"https:\/\/furniwood.com\/lien-he\/\">\u0e41\u0e17\u0e07\u0e1a\u0e2d\u0e25<\/a>\n<\/div>\n\n\n\n<div style=\"opacity: 0.01; height: 1px; line-height: 1px; overflow: hidden;\">\n  <a href=\"https:\/\/heng36t.co\">heng36<\/a>\n<\/div>","protected":false},"excerpt":{"rendered":"<p>The main objective of the INDICO laboratory is to characterize by optical and complementary methods of the materials, components and systems with application in optoelectronics, according to the objective of\u00a0 the Excellence Research Program, which states the development of experimental and testing laboratories and of certification authorities according to the requirements of the European Union [&hellip;]<\/p>","protected":false},"author":1,"featured_media":0,"parent":0,"menu_order":0,"comment_status":"closed","ping_status":"closed","template":"","meta":[],"_links":{"self":[{"href":"https:\/\/indico.inoe.ro\/ro\/index.php\/wp-json\/wp\/v2\/pages\/76"}],"collection":[{"href":"https:\/\/indico.inoe.ro\/ro\/index.php\/wp-json\/wp\/v2\/pages"}],"about":[{"href":"https:\/\/indico.inoe.ro\/ro\/index.php\/wp-json\/wp\/v2\/types\/page"}],"author":[{"embeddable":true,"href":"https:\/\/indico.inoe.ro\/ro\/index.php\/wp-json\/wp\/v2\/users\/1"}],"replies":[{"embeddable":true,"href":"https:\/\/indico.inoe.ro\/ro\/index.php\/wp-json\/wp\/v2\/comments?post=76"}],"version-history":[{"count":9,"href":"https:\/\/indico.inoe.ro\/ro\/index.php\/wp-json\/wp\/v2\/pages\/76\/revisions"}],"predecessor-version":[{"id":321,"href":"https:\/\/indico.inoe.ro\/ro\/index.php\/wp-json\/wp\/v2\/pages\/76\/revisions\/321"}],"wp:attachment":[{"href":"https:\/\/indico.inoe.ro\/ro\/index.php\/wp-json\/wp\/v2\/media?parent=76"}],"curies":[{"name":"wp","href":"https:\/\/api.w.org\/{rel}","templated":true}]}}